{"id":33,"date":"2024-10-28T19:33:35","date_gmt":"2024-10-28T17:33:35","guid":{"rendered":"https:\/\/schlosserei-eintopf.ch\/?page_id=33"},"modified":"2025-08-07T12:56:49","modified_gmt":"2025-08-07T10:56:49","slug":"dienstleistungen","status":"publish","type":"page","link":"https:\/\/schlosserei-eintopf.ch\/?page_id=33","title":{"rendered":"Maschinenpark"},"content":{"rendered":"\n<h1 class=\"wp-block-heading has-text-align-center has-body-font-family\">Maschinenpark<\/h1>\n\n\n\n<p class=\"has-text-align-center\" style=\"margin-top:var(--wp--preset--spacing--30);margin-bottom:var(--wp--preset--spacing--30)\">Dank unseres modernen Maschinenparks und der vielseitigen Fachkenntnisse unserer Mitarbeiter bieten wir Ihnen ein umfassendes Leistungsspektrum im Bereich Metallbau. Von der pr\u00e4zisen Bearbeitung, \u00fcber die Realisierung anspruchsvoller Konstruktionen, bis hin zur Montage \u2013 wir setzen Ihre Projekte zuverl\u00e4ssig und termingerecht um.<\/p>\n\n\n\n<div class=\"wp-block-media-text alignwide is-stacked-on-mobile is-image-fill-element\"><figure class=\"wp-block-media-text__media\"><img loading=\"lazy\" decoding=\"async\" width=\"768\" height=\"1024\" src=\"https:\/\/schlosserei-eintopf.ch\/wp-content\/uploads\/2025\/01\/20240808_120439-768x1024.jpg\" alt=\"\" class=\"wp-image-59 size-full\" style=\"object-position:50% 50%\" srcset=\"https:\/\/schlosserei-eintopf.ch\/wp-content\/uploads\/2025\/01\/20240808_120439-768x1024.jpg 768w, https:\/\/schlosserei-eintopf.ch\/wp-content\/uploads\/2025\/01\/20240808_120439-225x300.jpg 225w, https:\/\/schlosserei-eintopf.ch\/wp-content\/uploads\/2025\/01\/20240808_120439-1152x1536.jpg 1152w, https:\/\/schlosserei-eintopf.ch\/wp-content\/uploads\/2025\/01\/20240808_120439-1536x2048.jpg 1536w, https:\/\/schlosserei-eintopf.ch\/wp-content\/uploads\/2025\/01\/20240808_120439-scaled.jpg 1920w\" sizes=\"auto, (max-width: 768px) 100vw, 768px\" \/><\/figure><div class=\"wp-block-media-text__content\">\n<h3 class=\"wp-block-heading has-body-font-family\">CNC-Plasmaschneider<\/h3>\n\n\n\n<p>Mit unserem 3000 x 1500 mm gro\u00dfen Brenntisch schneiden wir Ihre Bauteile aus Stahl, Edelstahl oder Aluminium nach Ihren individuellen DXF-Dateien aus.<\/p>\n<\/div><\/div>\n\n\n\n<div class=\"wp-block-media-text alignwide has-media-on-the-right is-stacked-on-mobile is-image-fill-element\"><div class=\"wp-block-media-text__content\">\n<h3 class=\"wp-block-heading has-body-font-family\">Abkantpresse<\/h3>\n\n\n\n<p>Unsere leistungsstarke 9-Tonnen-Abkantpresse erlaubt es uns, Bleche von bis zu 3 Metern L\u00e4nge mit einer Presskraft von 160 Tonnen zu biegen, selbst bei besonders robusten Materialien.<\/p>\n<\/div><figure class=\"wp-block-media-text__media\"><img loading=\"lazy\" decoding=\"async\" width=\"796\" height=\"1024\" src=\"https:\/\/schlosserei-eintopf.ch\/wp-content\/uploads\/2025\/08\/abkantpresse-4-796x1024.jpg\" alt=\"\" class=\"wp-image-151 size-full\" style=\"object-position:52% 49%\" srcset=\"https:\/\/schlosserei-eintopf.ch\/wp-content\/uploads\/2025\/08\/abkantpresse-4-796x1024.jpg 796w, https:\/\/schlosserei-eintopf.ch\/wp-content\/uploads\/2025\/08\/abkantpresse-4-233x300.jpg 233w, https:\/\/schlosserei-eintopf.ch\/wp-content\/uploads\/2025\/08\/abkantpresse-4-768x988.jpg 768w, https:\/\/schlosserei-eintopf.ch\/wp-content\/uploads\/2025\/08\/abkantpresse-4-1194x1536.jpg 1194w, https:\/\/schlosserei-eintopf.ch\/wp-content\/uploads\/2025\/08\/abkantpresse-4-1591x2048.jpg 1591w, https:\/\/schlosserei-eintopf.ch\/wp-content\/uploads\/2025\/08\/abkantpresse-4-scaled.jpg 1989w\" sizes=\"auto, (max-width: 796px) 100vw, 796px\" \/><\/figure><\/div>\n\n\n\n<div class=\"wp-block-media-text alignwide is-stacked-on-mobile is-image-fill-element\"><figure class=\"wp-block-media-text__media\"><img loading=\"lazy\" decoding=\"async\" width=\"1024\" height=\"771\" src=\"https:\/\/schlosserei-eintopf.ch\/wp-content\/uploads\/2025\/08\/Trovalisiermachine-1024x771.jpg\" alt=\"\" class=\"wp-image-126 size-full\" style=\"object-position:58% 69%\" srcset=\"https:\/\/schlosserei-eintopf.ch\/wp-content\/uploads\/2025\/08\/Trovalisiermachine-1024x771.jpg 1024w, https:\/\/schlosserei-eintopf.ch\/wp-content\/uploads\/2025\/08\/Trovalisiermachine-300x226.jpg 300w, https:\/\/schlosserei-eintopf.ch\/wp-content\/uploads\/2025\/08\/Trovalisiermachine-768x578.jpg 768w, https:\/\/schlosserei-eintopf.ch\/wp-content\/uploads\/2025\/08\/Trovalisiermachine-1536x1157.jpg 1536w, https:\/\/schlosserei-eintopf.ch\/wp-content\/uploads\/2025\/08\/Trovalisiermachine-2048x1542.jpg 2048w\" sizes=\"auto, (max-width: 1024px) 100vw, 1024px\" \/><\/figure><div class=\"wp-block-media-text__content\">\n<h3 class=\"wp-block-heading has-body-font-family has-large-font-size\" style=\"margin-top:0;margin-bottom:0\">Gleitschleifanlage<\/h3>\n\n\n\n<p>Mit unserer Gleitschleifanlage bearbeiten wir effizient Serienteile und verleihen ihnen den letzten Feinschliff. <\/p>\n<\/div><\/div>\n\n\n\n<div class=\"wp-block-media-text alignwide has-media-on-the-right is-stacked-on-mobile is-image-fill-element\"><div class=\"wp-block-media-text__content\">\n<p class=\"has-body-font-family has-large-font-size\">Schlagschere<\/p>\n\n\n\n<p>Die Schlagschere erm\u00f6glicht es uns bis zu 4mm Stahlblech effizient und pr\u00e4zise zuschneiden zu k\u00f6nnen.<\/p>\n<\/div><figure class=\"wp-block-media-text__media\"><img loading=\"lazy\" decoding=\"async\" width=\"1024\" height=\"771\" src=\"https:\/\/schlosserei-eintopf.ch\/wp-content\/uploads\/2025\/08\/abkantpresse-2-1024x771.jpg\" alt=\"\" class=\"wp-image-140 size-full\" style=\"object-position:49% 34%\" srcset=\"https:\/\/schlosserei-eintopf.ch\/wp-content\/uploads\/2025\/08\/abkantpresse-2-1024x771.jpg 1024w, https:\/\/schlosserei-eintopf.ch\/wp-content\/uploads\/2025\/08\/abkantpresse-2-300x226.jpg 300w, https:\/\/schlosserei-eintopf.ch\/wp-content\/uploads\/2025\/08\/abkantpresse-2-768x578.jpg 768w, https:\/\/schlosserei-eintopf.ch\/wp-content\/uploads\/2025\/08\/abkantpresse-2-1536x1156.jpg 1536w, https:\/\/schlosserei-eintopf.ch\/wp-content\/uploads\/2025\/08\/abkantpresse-2-2048x1542.jpg 2048w\" sizes=\"auto, (max-width: 1024px) 100vw, 1024px\" \/><\/figure><\/div>\n\n\n\n<div class=\"wp-block-media-text alignwide is-stacked-on-mobile is-image-fill-element\"><figure class=\"wp-block-media-text__media\"><img loading=\"lazy\" decoding=\"async\" width=\"1024\" height=\"771\" src=\"https:\/\/schlosserei-eintopf.ch\/wp-content\/uploads\/2025\/08\/Rundbiegemaschine-1024x771.jpg\" alt=\"\" class=\"wp-image-147 size-full\" style=\"object-position:51% 25%\" srcset=\"https:\/\/schlosserei-eintopf.ch\/wp-content\/uploads\/2025\/08\/Rundbiegemaschine-1024x771.jpg 1024w, https:\/\/schlosserei-eintopf.ch\/wp-content\/uploads\/2025\/08\/Rundbiegemaschine-300x226.jpg 300w, https:\/\/schlosserei-eintopf.ch\/wp-content\/uploads\/2025\/08\/Rundbiegemaschine-768x578.jpg 768w, https:\/\/schlosserei-eintopf.ch\/wp-content\/uploads\/2025\/08\/Rundbiegemaschine-1536x1157.jpg 1536w, https:\/\/schlosserei-eintopf.ch\/wp-content\/uploads\/2025\/08\/Rundbiegemaschine-2048x1542.jpg 2048w\" sizes=\"auto, (max-width: 1024px) 100vw, 1024px\" \/><\/figure><div class=\"wp-block-media-text__content\">\n<p class=\"has-large-font-size\">Rundbiegemaschine<\/p>\n\n\n\n<p>Dies ist die \u00c4lteste Maschine in unserem Besitz mit Baujahr 1953. Bis heute bew\u00e4hrt sie sich in ihrer Funktionst\u00fcchtigkeit und erm\u00f6glicht es uns Stahlringe bis 1.5m Durchmesser herzustellen.<\/p>\n<\/div><\/div>\n","protected":false},"excerpt":{"rendered":"<p>Maschinenpark Dank unseres modernen Maschinenparks und der vielseitigen Fachkenntnisse unserer Mitarbeiter bieten wir Ihnen ein umfassendes Leistungsspektrum im Bereich Metallbau. Von der pr\u00e4zisen Bearbeitung, \u00fcber die Realisierung anspruchsvoller Konstruktionen, bis hin zur Montage \u2013 wir setzen Ihre Projekte zuverl\u00e4ssig und termingerecht um. CNC-Plasmaschneider Mit unserem 3000 x 1500 mm gro\u00dfen Brenntisch schneiden wir Ihre Bauteile [&hellip;]<\/p>\n","protected":false},"author":1,"featured_media":0,"parent":0,"menu_order":0,"comment_status":"closed","ping_status":"closed","template":"","meta":{"footnotes":""},"class_list":["post-33","page","type-page","status-publish","hentry"],"_links":{"self":[{"href":"https:\/\/schlosserei-eintopf.ch\/index.php?rest_route=\/wp\/v2\/pages\/33","targetHints":{"allow":["GET"]}}],"collection":[{"href":"https:\/\/schlosserei-eintopf.ch\/index.php?rest_route=\/wp\/v2\/pages"}],"about":[{"href":"https:\/\/schlosserei-eintopf.ch\/index.php?rest_route=\/wp\/v2\/types\/page"}],"author":[{"embeddable":true,"href":"https:\/\/schlosserei-eintopf.ch\/index.php?rest_route=\/wp\/v2\/users\/1"}],"replies":[{"embeddable":true,"href":"https:\/\/schlosserei-eintopf.ch\/index.php?rest_route=%2Fwp%2Fv2%2Fcomments&post=33"}],"version-history":[{"count":10,"href":"https:\/\/schlosserei-eintopf.ch\/index.php?rest_route=\/wp\/v2\/pages\/33\/revisions"}],"predecessor-version":[{"id":152,"href":"https:\/\/schlosserei-eintopf.ch\/index.php?rest_route=\/wp\/v2\/pages\/33\/revisions\/152"}],"wp:attachment":[{"href":"https:\/\/schlosserei-eintopf.ch\/index.php?rest_route=%2Fwp%2Fv2%2Fmedia&parent=33"}],"curies":[{"name":"wp","href":"https:\/\/api.w.org\/{rel}","templated":true}]}}