{"id":38,"date":"2024-10-28T19:38:34","date_gmt":"2024-10-28T17:38:34","guid":{"rendered":"https:\/\/schlosserei-eintopf.ch\/?page_id=38"},"modified":"2025-08-08T11:23:11","modified_gmt":"2025-08-08T09:23:11","slug":"unternehmen","status":"publish","type":"page","link":"https:\/\/schlosserei-eintopf.ch\/?page_id=38","title":{"rendered":"Unternehmen"},"content":{"rendered":"\n<h1 class=\"wp-block-heading has-text-align-center has-body-font-family has-x-large-font-size\">Unternehmen<\/h1>\n\n\n\n<p class=\"has-text-align-center\">Die Schlosserei Eintopf wurde 2022 von Mario Borsani und Diego Seiler als Familienunternehmen gegr\u00fcndet. Seit dem werden am Standort Otelfingen Projekte aller Art realisiert.<\/p>\n\n\n\n<div class=\"wp-block-columns is-layout-flex wp-container-core-columns-is-layout-28f84493 wp-block-columns-is-layout-flex\">\n<div class=\"wp-block-column is-layout-flow wp-block-column-is-layout-flow\" style=\"flex-basis:100%\">\n<div class=\"wp-block-group is-layout-grid wp-container-core-group-is-layout-478b6e6b wp-block-group-is-layout-grid\">\n<div class=\"wp-block-columns is-layout-flex wp-container-core-columns-is-layout-28f84493 wp-block-columns-is-layout-flex\">\n<div class=\"wp-block-column is-layout-flow wp-block-column-is-layout-flow\" style=\"flex-basis:100%\">\n<figure class=\"wp-block-image size-large\"><img loading=\"lazy\" decoding=\"async\" width=\"1920\" height=\"2560\" src=\"https:\/\/schlosserei-eintopf.ch\/wp-content\/uploads\/2025\/08\/Handlaufende_Arosa-1-edited-scaled.jpg\" alt=\"\" class=\"wp-image-136\" srcset=\"https:\/\/schlosserei-eintopf.ch\/wp-content\/uploads\/2025\/08\/Handlaufende_Arosa-1-edited-scaled.jpg 1920w, https:\/\/schlosserei-eintopf.ch\/wp-content\/uploads\/2025\/08\/Handlaufende_Arosa-1-edited-225x300.jpg 225w, https:\/\/schlosserei-eintopf.ch\/wp-content\/uploads\/2025\/08\/Handlaufende_Arosa-1-edited-768x1024.jpg 768w, https:\/\/schlosserei-eintopf.ch\/wp-content\/uploads\/2025\/08\/Handlaufende_Arosa-1-edited-1152x1536.jpg 1152w, https:\/\/schlosserei-eintopf.ch\/wp-content\/uploads\/2025\/08\/Handlaufende_Arosa-1-edited-1536x2048.jpg 1536w\" sizes=\"auto, (max-width: 1920px) 100vw, 1920px\" \/><figcaption class=\"wp-element-caption\">     Handlauf f\u00fcr eine Treppe<\/figcaption><\/figure>\n<\/div>\n<\/div>\n\n\n\n<figure class=\"wp-block-image size-full wp-container-content-69bc4bdf\"><img loading=\"lazy\" decoding=\"async\" width=\"737\" height=\"982\" src=\"https:\/\/schlosserei-eintopf.ch\/wp-content\/uploads\/2025\/08\/Hochbeet_Regensberg-edited.jpg\" alt=\"\" class=\"wp-image-135\" srcset=\"https:\/\/schlosserei-eintopf.ch\/wp-content\/uploads\/2025\/08\/Hochbeet_Regensberg-edited.jpg 737w, https:\/\/schlosserei-eintopf.ch\/wp-content\/uploads\/2025\/08\/Hochbeet_Regensberg-edited-225x300.jpg 225w\" sizes=\"auto, (max-width: 737px) 100vw, 737px\" \/><figcaption class=\"wp-element-caption\">    Hochbeet und Topf-Ringe<\/figcaption><\/figure>\n\n\n\n<figure class=\"wp-block-image size-large is-resized\"><img loading=\"lazy\" decoding=\"async\" width=\"768\" height=\"1024\" src=\"https:\/\/schlosserei-eintopf.ch\/wp-content\/uploads\/2025\/08\/IMG_1189-768x1024.jpeg\" alt=\"\" class=\"wp-image-131\" style=\"width:193px;height:auto\" srcset=\"https:\/\/schlosserei-eintopf.ch\/wp-content\/uploads\/2025\/08\/IMG_1189-768x1024.jpeg 768w, https:\/\/schlosserei-eintopf.ch\/wp-content\/uploads\/2025\/08\/IMG_1189-225x300.jpeg 225w, https:\/\/schlosserei-eintopf.ch\/wp-content\/uploads\/2025\/08\/IMG_1189-1152x1536.jpeg 1152w, https:\/\/schlosserei-eintopf.ch\/wp-content\/uploads\/2025\/08\/IMG_1189-1536x2048.jpeg 1536w, https:\/\/schlosserei-eintopf.ch\/wp-content\/uploads\/2025\/08\/IMG_1189-scaled.jpeg 1920w\" sizes=\"auto, (max-width: 768px) 100vw, 768px\" \/><figcaption class=\"wp-element-caption\">          Verankertes Regal <\/figcaption><\/figure>\n<\/div>\n<\/div>\n<\/div>\n\n\n\n<p class=\"has-text-align-center\">Mario Borsani verf\u00fcgt \u00fcber 40 Jahre Arbeitserfahrung in verschiedenen Bereichen mit Schwerpunkt Reparatur von Bau-, Forst- und Landmaschinen. Das Schweissen mit WIG\/TIG und Elektrode hat er \u00fcber die Jahre erlernt und perfektioniert.<\/p>\n\n\n\n<figure class=\"wp-block-image size-large\"><img loading=\"lazy\" decoding=\"async\" width=\"2560\" height=\"1707\" src=\"https:\/\/schlosserei-eintopf.ch\/wp-content\/uploads\/2025\/08\/Mario_Traegerschweissen-1-edited-scaled.jpg\" alt=\"\" class=\"wp-image-145\" srcset=\"https:\/\/schlosserei-eintopf.ch\/wp-content\/uploads\/2025\/08\/Mario_Traegerschweissen-1-edited-scaled.jpg 2560w, https:\/\/schlosserei-eintopf.ch\/wp-content\/uploads\/2025\/08\/Mario_Traegerschweissen-1-edited-300x200.jpg 300w, https:\/\/schlosserei-eintopf.ch\/wp-content\/uploads\/2025\/08\/Mario_Traegerschweissen-1-edited-1024x683.jpg 1024w, https:\/\/schlosserei-eintopf.ch\/wp-content\/uploads\/2025\/08\/Mario_Traegerschweissen-1-edited-768x512.jpg 768w, https:\/\/schlosserei-eintopf.ch\/wp-content\/uploads\/2025\/08\/Mario_Traegerschweissen-1-edited-1536x1024.jpg 1536w, https:\/\/schlosserei-eintopf.ch\/wp-content\/uploads\/2025\/08\/Mario_Traegerschweissen-1-edited-2048x1365.jpg 2048w\" sizes=\"auto, (max-width: 2560px) 100vw, 2560px\" \/><\/figure>\n\n\n\n<p class=\"has-text-align-center\">Diego Seiler lernte einst Polymechaniker. Jedoch wurde ihm schnell klar, dass er sein T\u00e4tigkeitsfeld erweitern wird. Ihm liegt vorallem die Bedienung der CNC-Maschinen sowie das Zeichnen im CAD-Programm.<\/p>\n\n\n\n<figure class=\"wp-block-image size-large\"><img loading=\"lazy\" decoding=\"async\" width=\"2560\" height=\"1707\" src=\"https:\/\/schlosserei-eintopf.ch\/wp-content\/uploads\/2025\/08\/Diego_Plasma-edited-scaled.jpg\" alt=\"\" class=\"wp-image-143\" srcset=\"https:\/\/schlosserei-eintopf.ch\/wp-content\/uploads\/2025\/08\/Diego_Plasma-edited-scaled.jpg 2560w, https:\/\/schlosserei-eintopf.ch\/wp-content\/uploads\/2025\/08\/Diego_Plasma-edited-300x200.jpg 300w, https:\/\/schlosserei-eintopf.ch\/wp-content\/uploads\/2025\/08\/Diego_Plasma-edited-1024x683.jpg 1024w, https:\/\/schlosserei-eintopf.ch\/wp-content\/uploads\/2025\/08\/Diego_Plasma-edited-768x512.jpg 768w, https:\/\/schlosserei-eintopf.ch\/wp-content\/uploads\/2025\/08\/Diego_Plasma-edited-1536x1024.jpg 1536w, https:\/\/schlosserei-eintopf.ch\/wp-content\/uploads\/2025\/08\/Diego_Plasma-edited-2048x1365.jpg 2048w\" sizes=\"auto, (max-width: 2560px) 100vw, 2560px\" \/><\/figure>\n","protected":false},"excerpt":{"rendered":"<p>Unternehmen Die Schlosserei Eintopf wurde 2022 von Mario Borsani und Diego Seiler als Familienunternehmen gegr\u00fcndet. Seit dem werden am Standort Otelfingen Projekte aller Art realisiert. Mario Borsani verf\u00fcgt \u00fcber 40 Jahre Arbeitserfahrung in verschiedenen Bereichen mit Schwerpunkt Reparatur von Bau-, Forst- und Landmaschinen. Das Schweissen mit WIG\/TIG und Elektrode hat er \u00fcber die Jahre erlernt [&hellip;]<\/p>\n","protected":false},"author":1,"featured_media":0,"parent":0,"menu_order":2,"comment_status":"closed","ping_status":"closed","template":"","meta":{"footnotes":""},"class_list":["post-38","page","type-page","status-publish","hentry"],"_links":{"self":[{"href":"https:\/\/schlosserei-eintopf.ch\/index.php?rest_route=\/wp\/v2\/pages\/38","targetHints":{"allow":["GET"]}}],"collection":[{"href":"https:\/\/schlosserei-eintopf.ch\/index.php?rest_route=\/wp\/v2\/pages"}],"about":[{"href":"https:\/\/schlosserei-eintopf.ch\/index.php?rest_route=\/wp\/v2\/types\/page"}],"author":[{"embeddable":true,"href":"https:\/\/schlosserei-eintopf.ch\/index.php?rest_route=\/wp\/v2\/users\/1"}],"replies":[{"embeddable":true,"href":"https:\/\/schlosserei-eintopf.ch\/index.php?rest_route=%2Fwp%2Fv2%2Fcomments&post=38"}],"version-history":[{"count":12,"href":"https:\/\/schlosserei-eintopf.ch\/index.php?rest_route=\/wp\/v2\/pages\/38\/revisions"}],"predecessor-version":[{"id":185,"href":"https:\/\/schlosserei-eintopf.ch\/index.php?rest_route=\/wp\/v2\/pages\/38\/revisions\/185"}],"wp:attachment":[{"href":"https:\/\/schlosserei-eintopf.ch\/index.php?rest_route=%2Fwp%2Fv2%2Fmedia&parent=38"}],"curies":[{"name":"wp","href":"https:\/\/api.w.org\/{rel}","templated":true}]}}